{"id":7,"date":"2022-01-09T21:27:44","date_gmt":"2022-01-09T21:27:44","guid":{"rendered":"http:\/\/ny.cryoclim.net\/?page_id=7"},"modified":"2023-03-31T12:23:07","modified_gmt":"2023-03-31T12:23:07","slug":"elementor-7","status":"publish","type":"page","link":"http:\/\/www.cryoclim.net\/?page_id=7","title":{"rendered":"Service Documentation"},"content":{"rendered":"\t\t<div data-elementor-type=\"wp-page\" data-elementor-id=\"7\" class=\"elementor elementor-7\">\n\t\t\t\t\t\t<section class=\"elementor-section elementor-top-section elementor-element elementor-element-576d078 elementor-section-boxed elementor-section-height-default elementor-section-height-default\" data-id=\"576d078\" data-element_type=\"section\" data-e-type=\"section\">\n\t\t\t\t\t\t<div class=\"elementor-container elementor-column-gap-default\">\n\t\t\t\t\t<div class=\"elementor-column elementor-col-100 elementor-top-column elementor-element elementor-element-f32dd3c\" data-id=\"f32dd3c\" data-element_type=\"column\" data-e-type=\"column\">\n\t\t\t<div class=\"elementor-widget-wrap elementor-element-populated\">\n\t\t\t\t\t\t\t<\/div>\n\t\t<\/div>\n\t\t\t\t\t<\/div>\n\t\t<\/section>\n\t\t\t\t<section class=\"elementor-section elementor-top-section elementor-element elementor-element-a8fc904 elementor-section-boxed elementor-section-height-default elementor-section-height-default\" data-id=\"a8fc904\" data-element_type=\"section\" data-e-type=\"section\">\n\t\t\t\t\t\t<div class=\"elementor-container elementor-column-gap-default\">\n\t\t\t\t\t<div class=\"elementor-column elementor-col-100 elementor-top-column elementor-element elementor-element-9fafbc2\" data-id=\"9fafbc2\" data-element_type=\"column\" data-e-type=\"column\">\n\t\t\t<div class=\"elementor-widget-wrap elementor-element-populated\">\n\t\t\t\t\t\t<div class=\"elementor-element elementor-element-92d8f81 elementor-widget elementor-widget-heading\" data-id=\"92d8f81\" data-element_type=\"widget\" data-e-type=\"widget\" data-widget_type=\"heading.default\">\n\t\t\t\t<div class=\"elementor-widget-container\">\n\t\t\t\t\t<h2 class=\"elementor-heading-title elementor-size-default\">Service Documentation<\/h2>\t\t\t\t<\/div>\n\t\t\t\t<\/div>\n\t\t\t\t<div class=\"elementor-element elementor-element-e3b0a81 elementor-widget elementor-widget-text-editor\" data-id=\"e3b0a81\" data-element_type=\"widget\" data-e-type=\"widget\" data-widget_type=\"text-editor.default\">\n\t\t\t\t<div class=\"elementor-widget-container\">\n\t\t\t\t\t\t\t\t\t<h4>Sub-service Snow (MET Norway)<\/h4><ul><li><a href=\"\/wp-content\/uploads\/2023\/03\/CryoClim_product_doc_snow_NR_MET_EURAC.pdf\">CryoClim Snow Products Documentation<\/a><\/li><\/ul><h4>Sub-service Sea Ice (MET Norway)<\/h4><h4>Sub-service Glaciers Mainland Norway (NVE)<\/h4><ul><li><a href=\"\/wp-content\/uploads\/2023\/03\/CryoClim_product_doc_glacier_NVE.pdf\">CryoClim glacier product documentation<\/a><\/li><\/ul><h4>Sub-service Glaciers Svalbard (NPI)<\/h4><ul><li><a href=\"\/wp-content\/uploads\/2023\/03\/CryoClim_product_doc_glacier_NPI.pdf\">CryoClim product documentation<\/a><\/li><\/ul><h3><span lang=\"en-GB\"><b><br \/>Key scientific background papers<\/b><\/span><\/h3><p><span lang=\"en-GB\"><i><b>Sub-service Snow<\/b><\/i><\/span><\/p><p><span lang=\"en-GB\">Solberg, R., M. Killie, L. M. Andreassen and M. K\u00f6nig, 2014. CryoClim: A new system and service for climate monitoring of the cryosphere. <\/span><span lang=\"en-GB\"><i>IOP Conf. Series: Earth and Environmental Science<\/i><\/span><span lang=\"en-GB\">, 17, 012008. <a href=\"https:\/\/doi.org\/10.1088\/1755-1315\/17\/1\/012008\">doi:10.1088\/1755-1315\/17\/1\/012008<\/a><\/span><\/p><p><span lang=\"en-GB\">Rudjord, \u00d8., A.-B. Salberg and R. Solberg, 2015. Global snow cover mapping using a multi-temporal multi-sensor approach. In <\/span><span lang=\"en-GB\"><i>Proceedings of the 2015 8th International Workshop on the Analysis of Multitemporal Remote Sensing Images (Multi-Temp)<\/i><\/span><span lang=\"en-GB\">. <a href=\"https:\/\/doi.org\/10.1109\/Multi-Temp.2015.7245775\">doi:10.1109\/Multi-Temp.2015.7245775<\/a><\/span><\/p><p><span lang=\"en-GB\"><i><b>Sub-service Sea Ice<\/b><\/i><\/span><\/p><p><span lang=\"en-GB\">Lavergne, T., S\u00f8rensen, A. M., Kern, S., Tonboe, R., Notz, D., Aaboe, S., Bell, L., Dybkj\u00e6r, G., Eastwood, S., Gabarro, C., Heygster, G., Killie, M. A., Brandt Kreiner, M., Lavelle, J., Saldo, R., Sandven, S., and Pedersen, L. T., 2019. Version 2 of the EUMETSAT OSI SAF and ESA CCI sea-ice concentration climate data records. <\/span><span lang=\"en-GB\"><i>The Cryosphere<\/i><\/span><span lang=\"en-GB\">, 13, 49\u201378, <a href=\"https:\/\/doi.org\/10.5194\/tc-13-49-2019\">https:\/\/doi.org\/10.5194\/tc-13-49-2019<\/a>.<\/span><\/p><p><span lang=\"en-GB\"><i><b>Sub-service Glaciers Mainland Norway <br \/><\/b><\/i><\/span><\/p><p><span lang=\"en-GB\">Winsvold, S. H., L. M. Andreassen, C. Kienholz., 2014. Glacier area and length changes in Norway from repeat inventories. <\/span><span lang=\"en-GB\"><i>The Cryosphere<\/i><\/span><span lang=\"en-GB\">, 8, 1885-1903, <a href=\"https:\/\/doi.org\/10.5194\/tc-8-1885-2014\">doi:10.5194\/tc-8-1885-2014<\/a><\/span><\/p><p><span lang=\"en-GB\">Andreassen, L.M., H. Elveh\u00f8y, B. Kj\u00f8llmoen, J.M.C. Belart. 2020. Glacier change in Norway since the 1960s \u2013 an overview of mass balance, area, length and surface elevation changes. <\/span><span lang=\"en-GB\"><i>Journal of Glaciology<\/i><\/span><span lang=\"en-GB\">, 1\u201316.<a href=\"https:\/\/doi.org\/10.1017\/jog.2020.10\"> doi:10.1017\/jog.2020.10<\/a><\/span><\/p><p><span lang=\"en-GB\">Andreassen, L.M. (ed.), G. Moholdt, A. K\u00e4\u00e4b, A. Messerli, T. Nagy and S.H. Winsvold., 2021. Monitoring glaciers in mainland Norway and Svalbard using Sentinel. NVE Rapport 3-2021, 94 s.<a href=\"https:\/\/publikasjoner.nve.no\/rapport\/2021\/rapport2021_03.pdf\"> https:\/\/publikasjoner.nve.no\/rapport\/2021\/rapport2021_03.pdf<\/a><\/span><\/p><p><span lang=\"en-GB\"><i><b>Sub-service Glaciers Svalbard<\/b><\/i><\/span><\/p><p><span lang=\"en-GB\">Nuth, C., J. Kohler, M. K\u00f6nig, A. von Deschwanden, J. O. Hagen, A. K\u00e4\u00e4b, G. Moholdt and R. Pettersson, 2013. Decadal changes from a multi-temporal glacier inventory of Svalbard. <\/span><span lang=\"en-GB\"><i>Cryosphere<\/i><\/span><span lang=\"en-GB\">, 7, 1603\u20131621. <a href=\"https:\/\/doi.org\/10.5194\/tc-7-1603-2013\">doi:10.5194\/tc-7-1603-2013.<\/a><\/span><\/p>\t\t\t\t\t\t\t\t<\/div>\n\t\t\t\t<\/div>\n\t\t\t\t\t<\/div>\n\t\t<\/div>\n\t\t\t\t\t<\/div>\n\t\t<\/section>\n\t\t\t\t<\/div>\n\t\t","protected":false},"excerpt":{"rendered":"<p>Service Documentation Sub-service Snow (MET Norway) CryoClim Snow Products Documentation Sub-service Sea Ice (MET Norway) Sub-service Glaciers Mainland Norway (NVE) CryoClim glacier product documentation Sub-service Glaciers Svalbard (NPI) CryoClim product documentation Key scientific background papers Sub-service Snow Solberg, R., M. Killie, L. M. Andreassen and M. K\u00f6nig, 2014. CryoClim: A new system and service for [&hellip;]<\/p>\n","protected":false},"author":1,"featured_media":0,"parent":0,"menu_order":0,"comment_status":"closed","ping_status":"closed","template":"","meta":{"footnotes":""},"class_list":["post-7","page","type-page","status-publish","hentry"],"_links":{"self":[{"href":"http:\/\/www.cryoclim.net\/index.php?rest_route=\/wp\/v2\/pages\/7","targetHints":{"allow":["GET"]}}],"collection":[{"href":"http:\/\/www.cryoclim.net\/index.php?rest_route=\/wp\/v2\/pages"}],"about":[{"href":"http:\/\/www.cryoclim.net\/index.php?rest_route=\/wp\/v2\/types\/page"}],"author":[{"embeddable":true,"href":"http:\/\/www.cryoclim.net\/index.php?rest_route=\/wp\/v2\/users\/1"}],"replies":[{"embeddable":true,"href":"http:\/\/www.cryoclim.net\/index.php?rest_route=%2Fwp%2Fv2%2Fcomments&post=7"}],"version-history":[{"count":46,"href":"http:\/\/www.cryoclim.net\/index.php?rest_route=\/wp\/v2\/pages\/7\/revisions"}],"predecessor-version":[{"id":575,"href":"http:\/\/www.cryoclim.net\/index.php?rest_route=\/wp\/v2\/pages\/7\/revisions\/575"}],"wp:attachment":[{"href":"http:\/\/www.cryoclim.net\/index.php?rest_route=%2Fwp%2Fv2%2Fmedia&parent=7"}],"curies":[{"name":"wp","href":"https:\/\/api.w.org\/{rel}","templated":true}]}}